{"id":113,"date":"2010-07-14T23:49:34","date_gmt":"2010-07-15T06:49:34","guid":{"rendered":"http:\/\/www.armandomartinezcpas.com"},"modified":"2013-06-29T09:37:59","modified_gmt":"2013-06-29T16:37:59","slug":"san-diego-firma-contable","status":"publish","type":"page","link":"https:\/\/www.armandomartinezcpas.com\/es\/san-diego-firma-contable","title":{"rendered":"San Diego Firma Contable"},"content":{"rendered":"<h2><span style=\"color: #5d8a58;\">Gabriel Martinez, CPA<\/span><\/h2>\n<p>Sr. Gabriel Mart\u00ednez, CPA es el due\u00f1o de Armando Martinez &amp; Company, CPA haber asumido ese papel de fundador de ahora retirado de la empresa, Armando Mart\u00ednez. \u00c9l y su equipo de profesionales de mucha experiencia y el cuidado de mantener la CPA de la empresa sobre la tradici\u00f3n de 30 a\u00f1os de servicios profesionales de contabilidad de San Diego se mezcla con un ambiente c\u00e1lido y familiar.<\/p>\n<h3>Experiencia Profesional:<\/h3>\n<p>Gabriel tiene m\u00e1s de 20 a\u00f1os de experiencia en Direcci\u00f3n Financiera, Ingenier\u00eda de Redes y Gesti\u00f3n de TI disciplinas que abarca empresas de diversos tama\u00f1os.<\/p>\n<ul>\n<li>Pacific Bell (una empresa Pacific Telesis)<\/li>\n<li>Southwestern Bell Corporation (m\u00e1s tarde conocido como ATT)<\/li>\n<li>Excite@Home (un Silicon Valley \/ Kleiner Perkins empresa)<\/li>\n<li>Armando Mart\u00ednez &amp; Co. CPA (actualmente, en calidad de propietario)<\/li>\n<\/ul>\n<h3>Profesional Autorizado:<\/h3>\n<p>Certificado de Contabilidad P\u00fablica &#8220;Licencia&#8221; # CA89045<\/p>\n<h3>Educaci\u00f3n:<\/h3>\n<p>Licenciado en Administraci\u00f3n de Empresas, Universidad de San Diego<br \/>\nAdministraci\u00f3n de Empresas, Maestro Internacional, Universidad de San Diego<\/p>\n<h3>Miembros:<\/h3>\n<p>California Sociedad de Contadores P\u00fablicos Certificados (CalCPA) El usuario<\/p>\n<h3>Comunidad:<\/h3>\n<p>Sirvi\u00f3 en el Consejo de Administraci\u00f3n como Tesorero: Media Arts Center de San Diego<br \/>\nServir en la Junta Consultiva: Fondo Regional de San Diego de Pr\u00e9stamos<\/p>\n<hr \/>\n<h2><span style=\"color: #5d8a58;\">Tito Calsada, CPA<\/span><\/h2>\n<p>El Sr. Tito Calsada ha trabajado en Armando Martinez &amp; Company, la CPA desde 31 de agosto 1987.<\/p>\n<h3>Experiencia profesional:<\/h3>\n<p>Treinta y cinco a\u00f1os de experiencia profesional total, incluido el empleo como un controlador y director financiero de tres organizaciones sin fines de lucro y de aproximadamente treinta a\u00f1os en dos empresas de contabilidad p\u00fablica. experiencia p\u00fablica de contabilidad, incluye la participaci\u00f3n en m\u00e1s de cien auditor\u00edas, sustancialmente todas las auditor\u00edas de sin fines de lucro y entidades gubernamentales. experiencia de la contabilidad p\u00fablica tambi\u00e9n incluye \u00e1reas de la fiscalidad, los servicios de contabilidad, y servicios de asesoramiento de gesti\u00f3n.<\/p>\n<h3>Profesional Autorizado:<\/h3>\n<p>Contador P\u00fablico, licenciado por la mesa directiva de Contabilidad, Licencia 55524E, mayo de 1990<\/p>\n<h3>Educaci\u00f3n:<\/h3>\n<p>San Diego State University, Licenciado en Ciencias de la Contabilidad, 1975<br \/>\nValle Imperial College, AS, Contabilidad, 1973<\/p>\n<h3>Miembros:<\/h3>\n<p>California Sociedad de Contadores P\u00fablicos<\/p>\n<hr \/>\n","protected":false},"excerpt":{"rendered":"<p>Gabriel Martinez, CPA Sr. Gabriel Mart\u00ednez, CPA es el due\u00f1o de Armando Martinez &amp; Company, CPA haber asumido ese papel de fundador de ahora retirado de la empresa, Armando Mart\u00ednez. \u00c9l y su equipo de profesionales de mucha experiencia y el cuidado de mantener la CPA de la empresa sobre la tradici\u00f3n de 30 a\u00f1os [&hellip;]<\/p>\n","protected":false},"author":1,"featured_media":0,"parent":0,"menu_order":4,"comment_status":"closed","ping_status":"closed","template":"","meta":{"footnotes":""},"class_list":["post-113","page","type-page","status-publish","hentry"],"_links":{"self":[{"href":"https:\/\/www.armandomartinezcpas.com\/es\/wp-json\/wp\/v2\/pages\/113","targetHints":{"allow":["GET"]}}],"collection":[{"href":"https:\/\/www.armandomartinezcpas.com\/es\/wp-json\/wp\/v2\/pages"}],"about":[{"href":"https:\/\/www.armandomartinezcpas.com\/es\/wp-json\/wp\/v2\/types\/page"}],"author":[{"embeddable":true,"href":"https:\/\/www.armandomartinezcpas.com\/es\/wp-json\/wp\/v2\/users\/1"}],"replies":[{"embeddable":true,"href":"https:\/\/www.armandomartinezcpas.com\/es\/wp-json\/wp\/v2\/comments?post=113"}],"version-history":[{"count":10,"href":"https:\/\/www.armandomartinezcpas.com\/es\/wp-json\/wp\/v2\/pages\/113\/revisions"}],"predecessor-version":[{"id":204,"href":"https:\/\/www.armandomartinezcpas.com\/es\/wp-json\/wp\/v2\/pages\/113\/revisions\/204"}],"wp:attachment":[{"href":"https:\/\/www.armandomartinezcpas.com\/es\/wp-json\/wp\/v2\/media?parent=113"}],"curies":[{"name":"wp","href":"https:\/\/api.w.org\/{rel}","templated":true}]}}